{"id":9318,"date":"2018-03-28T22:45:42","date_gmt":"2018-03-29T02:45:42","guid":{"rendered":"https:\/\/aiglebleu.net\/music\/serenite\/"},"modified":"2023-09-11T20:35:08","modified_gmt":"2023-09-12T00:35:08","slug":"serenity","status":"publish","type":"page","link":"https:\/\/aiglebleu.net\/en\/music\/serenity\/","title":{"rendered":"CD_Serenity"},"content":{"rendered":"\t\t<div data-elementor-type=\"wp-post\" data-elementor-id=\"9318\" class=\"elementor elementor-9318 elementor-9249\" data-elementor-post-type=\"page\">\n\t\t\t\t\t\t<section class=\"elementor-section elementor-top-section elementor-element elementor-element-5bc7807a elementor-section-boxed elementor-section-height-default elementor-section-height-default\" data-id=\"5bc7807a\" data-element_type=\"section\" data-e-type=\"section\">\n\t\t\t\t\t\t<div class=\"elementor-container elementor-column-gap-default\">\n\t\t\t\t\t<div class=\"elementor-column elementor-col-50 elementor-top-column elementor-element elementor-element-7e5824f5\" data-id=\"7e5824f5\" data-element_type=\"column\" data-e-type=\"column\">\n\t\t\t<div class=\"elementor-widget-wrap elementor-element-populated\">\n\t\t\t\t\t\t<div class=\"elementor-element elementor-element-70b4c54a elementor-widget elementor-widget-html\" data-id=\"70b4c54a\" data-element_type=\"widget\" data-e-type=\"widget\" data-widget_type=\"html.default\">\n\t\t\t\t<div class=\"elementor-widget-container\">\n\t\t\t\t\t<iframe style=\"border: 0; width: 100%; height: 406px;\" src=\"https:\/\/bandcamp.com\/EmbeddedPlayer\/album=3293275866\/size=large\/bgcol=ffffff\/linkcol=0687f5\/artwork=none\/transparent=true\/\" seamless><a href=\"http:\/\/aiglebleu.bandcamp.com\/album\/s-r-nit-serenity\">S\u00e9r\u00e9nit\u00e9 \/ Serenity by Aigle Bleu \/ Blue Eagle<\/a><\/iframe>\t\t\t\t<\/div>\n\t\t\t\t<\/div>\n\t\t\t\t\t<\/div>\n\t\t<\/div>\n\t\t\t\t<div class=\"elementor-column elementor-col-50 elementor-top-column elementor-element elementor-element-3ad1898\" data-id=\"3ad1898\" data-element_type=\"column\" data-e-type=\"column\">\n\t\t\t<div class=\"elementor-widget-wrap elementor-element-populated\">\n\t\t\t\t\t\t<div class=\"elementor-element elementor-element-37948748 elementor-widget elementor-widget-image\" data-id=\"37948748\" data-element_type=\"widget\" data-e-type=\"widget\" data-widget_type=\"image.default\">\n\t\t\t\t<div class=\"elementor-widget-container\">\n\t\t\t\t\t\t\t\t\t\t\t\t\t\t\t<img fetchpriority=\"high\" decoding=\"async\" width=\"1024\" height=\"918\" src=\"https:\/\/aiglebleu.net\/wp-content\/uploads\/2018\/03\/Serenity-1024x918.jpg\" class=\"attachment-large size-large wp-image-9290\" alt=\"Serenity\" srcset=\"https:\/\/aiglebleu.net\/wp-content\/uploads\/2018\/03\/Serenity-1024x918.jpg 1024w, https:\/\/aiglebleu.net\/wp-content\/uploads\/2018\/03\/Serenity-300x269.jpg 300w, https:\/\/aiglebleu.net\/wp-content\/uploads\/2018\/03\/Serenity-768x688.jpg 768w, https:\/\/aiglebleu.net\/wp-content\/uploads\/2018\/03\/Serenity.jpg 1400w\" sizes=\"(max-width: 1024px) 100vw, 1024px\" \/>\t\t\t\t\t\t\t\t\t\t\t\t\t\t\t<\/div>\n\t\t\t\t<\/div>\n\t\t\t\t<div class=\"elementor-element elementor-element-2fe56ad5 elementor-widget elementor-widget-text-editor\" data-id=\"2fe56ad5\" data-element_type=\"widget\" data-e-type=\"widget\" data-widget_type=\"text-editor.default\">\n\t\t\t\t<div class=\"elementor-widget-container\">\n\t\t\t\t\t\t\t\t\t<p>Released in 2008<\/p>\t\t\t\t\t\t\t\t<\/div>\n\t\t\t\t<\/div>\n\t\t\t\t\t<\/div>\n\t\t<\/div>\n\t\t\t\t\t<\/div>\n\t\t<\/section>\n\t\t\t\t<section class=\"elementor-section elementor-top-section elementor-element elementor-element-53538340 elementor-section-boxed elementor-section-height-default elementor-section-height-default\" data-id=\"53538340\" data-element_type=\"section\" data-e-type=\"section\" data-settings=\"{&quot;background_background&quot;:&quot;classic&quot;}\">\n\t\t\t\t\t\t<div class=\"elementor-container elementor-column-gap-default\">\n\t\t\t\t\t<div class=\"elementor-column elementor-col-50 elementor-top-column elementor-element elementor-element-19cbbdb9\" data-id=\"19cbbdb9\" data-element_type=\"column\" data-e-type=\"column\">\n\t\t\t<div class=\"elementor-widget-wrap elementor-element-populated\">\n\t\t\t\t\t\t<div class=\"elementor-element elementor-element-1628b57c elementor-widget elementor-widget-heading\" data-id=\"1628b57c\" data-element_type=\"widget\" data-e-type=\"widget\" data-widget_type=\"heading.default\">\n\t\t\t\t<div class=\"elementor-widget-container\">\n\t\t\t\t\t<h2 class=\"elementor-heading-title elementor-size-default\">Acheter l'album sur Bandcamp<\/h2>\t\t\t\t<\/div>\n\t\t\t\t<\/div>\n\t\t\t\t\t<\/div>\n\t\t<\/div>\n\t\t\t\t<div class=\"elementor-column elementor-col-50 elementor-top-column elementor-element elementor-element-446af0de\" data-id=\"446af0de\" data-element_type=\"column\" data-e-type=\"column\">\n\t\t\t<div class=\"elementor-widget-wrap elementor-element-populated\">\n\t\t\t\t\t\t<div class=\"elementor-element elementor-element-2ae2d480 elementor-button-danger elementor-align-center elementor-widget elementor-widget-button\" data-id=\"2ae2d480\" data-element_type=\"widget\" data-e-type=\"widget\" data-widget_type=\"button.default\">\n\t\t\t\t<div class=\"elementor-widget-container\">\n\t\t\t\t\t\t\t\t\t<div class=\"elementor-button-wrapper\">\n\t\t\t\t\t<a class=\"elementor-button elementor-button-link elementor-size-sm\" href=\"https:\/\/aiglebleu.bandcamp.com\/album\/s-r-nit-serenity\" target=\"_blank\">\n\t\t\t\t\t\t<span class=\"elementor-button-content-wrapper\">\n\t\t\t\t\t\t\t\t\t<span class=\"elementor-button-text\">Acheter<\/span>\n\t\t\t\t\t<\/span>\n\t\t\t\t\t<\/a>\n\t\t\t\t<\/div>\n\t\t\t\t\t\t\t\t<\/div>\n\t\t\t\t<\/div>\n\t\t\t\t\t<\/div>\n\t\t<\/div>\n\t\t\t\t\t<\/div>\n\t\t<\/section>\n\t\t\t\t<section class=\"elementor-section elementor-top-section elementor-element elementor-element-3bf4f31c elementor-section-boxed elementor-section-height-default elementor-section-height-default\" data-id=\"3bf4f31c\" data-element_type=\"section\" data-e-type=\"section\" data-settings=\"{&quot;background_background&quot;:&quot;classic&quot;}\">\n\t\t\t\t\t\t<div class=\"elementor-container elementor-column-gap-default\">\n\t\t\t\t\t<div class=\"elementor-column elementor-col-50 elementor-top-column elementor-element elementor-element-5d59b666\" data-id=\"5d59b666\" data-element_type=\"column\" data-e-type=\"column\">\n\t\t\t<div class=\"elementor-widget-wrap elementor-element-populated\">\n\t\t\t\t\t\t<div class=\"elementor-element elementor-element-49d79f8d elementor-widget elementor-widget-heading\" data-id=\"49d79f8d\" data-element_type=\"widget\" data-e-type=\"widget\" data-widget_type=\"heading.default\">\n\t\t\t\t<div class=\"elementor-widget-container\">\n\t\t\t\t\t<h2 class=\"elementor-heading-title elementor-size-default\">Get the CD version on Blue Eagle Shop<\/h2>\t\t\t\t<\/div>\n\t\t\t\t<\/div>\n\t\t\t\t\t<\/div>\n\t\t<\/div>\n\t\t\t\t<div class=\"elementor-column elementor-col-50 elementor-top-column elementor-element elementor-element-632fcb54\" data-id=\"632fcb54\" data-element_type=\"column\" data-e-type=\"column\">\n\t\t\t<div class=\"elementor-widget-wrap elementor-element-populated\">\n\t\t\t\t\t\t<div class=\"elementor-element elementor-element-6c00fb43 elementor-button-danger elementor-align-center elementor-widget elementor-widget-button\" data-id=\"6c00fb43\" data-element_type=\"widget\" data-e-type=\"widget\" data-widget_type=\"button.default\">\n\t\t\t\t<div class=\"elementor-widget-container\">\n\t\t\t\t\t\t\t\t\t<div class=\"elementor-button-wrapper\">\n\t\t\t\t\t<a class=\"elementor-button elementor-button-link elementor-size-sm\" href=\"https:\/\/boutiqueaiglebleu.com\" target=\"_blank\">\n\t\t\t\t\t\t<span class=\"elementor-button-content-wrapper\">\n\t\t\t\t\t\t\t\t\t<span class=\"elementor-button-text\">PURCHASE<\/span>\n\t\t\t\t\t<\/span>\n\t\t\t\t\t<\/a>\n\t\t\t\t<\/div>\n\t\t\t\t\t\t\t\t<\/div>\n\t\t\t\t<\/div>\n\t\t\t\t\t<\/div>\n\t\t<\/div>\n\t\t\t\t\t<\/div>\n\t\t<\/section>\n\t\t\t\t<\/div>\n\t\t","protected":false},"excerpt":{"rendered":"<p>S\u00e9r\u00e9nit\u00e9 \/ Serenity by Aigle Bleu \/ Blue Eagle Released in 2008 Acheter l&#8217;album sur Bandcamp Acheter Get the CD version on Blue Eagle Shop PURCHASE<\/p>\n","protected":false},"author":3,"featured_media":9239,"parent":9226,"menu_order":0,"comment_status":"closed","ping_status":"closed","template":"","meta":{"generate_page_header":"","footnotes":""},"class_list":{"0":"post-9318","1":"page","2":"type-page","3":"status-publish","4":"has-post-thumbnail","6":"infinite-scroll-item"},"yoast_head":"<!-- This site is optimized with the Yoast SEO plugin v27.4 - https:\/\/yoast.com\/product\/yoast-seo-wordpress\/ -->\n<title>CD_Serenity - Blue Eagle&#039;s blog<\/title>\n<meta name=\"robots\" content=\"index, follow, max-snippet:-1, max-image-preview:large, max-video-preview:-1\" \/>\n<link rel=\"canonical\" href=\"https:\/\/aiglebleu.net\/en\/music\/serenity\/\" \/>\n<meta property=\"og:locale\" content=\"en_US\" \/>\n<meta property=\"og:type\" content=\"article\" \/>\n<meta property=\"og:title\" content=\"CD_Serenity - Blue Eagle&#039;s blog\" \/>\n<meta property=\"og:description\" content=\"S\u00e9r\u00e9nit\u00e9 \/ Serenity by Aigle Bleu \/ Blue Eagle Released in 2008 Acheter l&#8217;album sur Bandcamp Acheter Get the CD version on Blue Eagle Shop PURCHASE\" \/>\n<meta property=\"og:url\" content=\"https:\/\/aiglebleu.net\/en\/music\/serenity\/\" \/>\n<meta property=\"og:site_name\" content=\"Blue Eagle&#039;s blog\" \/>\n<meta property=\"article:publisher\" content=\"https:\/\/www.facebook.com\/AigleBleu2\/?ref=hl\" \/>\n<meta property=\"article:modified_time\" content=\"2023-09-12T00:35:08+00:00\" \/>\n<meta property=\"og:image\" content=\"https:\/\/aiglebleu.net\/wp-content\/uploads\/2018\/03\/S\u00e9r\u00e9nit\u00e9.jpg\" \/>\n\t<meta property=\"og:image:width\" content=\"1562\" \/>\n\t<meta property=\"og:image:height\" content=\"1400\" \/>\n\t<meta property=\"og:image:type\" content=\"image\/jpeg\" \/>\n<meta name=\"twitter:card\" content=\"summary_large_image\" \/>\n<script type=\"application\/ld+json\" class=\"yoast-schema-graph\">{\"@context\":\"https:\\\/\\\/schema.org\",\"@graph\":[{\"@type\":\"WebPage\",\"@id\":\"https:\\\/\\\/aiglebleu.net\\\/en\\\/music\\\/serenity\\\/\",\"url\":\"https:\\\/\\\/aiglebleu.net\\\/en\\\/music\\\/serenity\\\/\",\"name\":\"CD_Serenity - Blue Eagle&#039;s blog\",\"isPartOf\":{\"@id\":\"https:\\\/\\\/aiglebleu.net\\\/#website\"},\"primaryImageOfPage\":{\"@id\":\"https:\\\/\\\/aiglebleu.net\\\/en\\\/music\\\/serenity\\\/#primaryimage\"},\"image\":{\"@id\":\"https:\\\/\\\/aiglebleu.net\\\/en\\\/music\\\/serenity\\\/#primaryimage\"},\"thumbnailUrl\":\"https:\\\/\\\/aiglebleu.net\\\/wp-content\\\/uploads\\\/2018\\\/03\\\/S\u00e9r\u00e9nit\u00e9.jpg\",\"datePublished\":\"2018-03-29T02:45:42+00:00\",\"dateModified\":\"2023-09-12T00:35:08+00:00\",\"breadcrumb\":{\"@id\":\"https:\\\/\\\/aiglebleu.net\\\/en\\\/music\\\/serenity\\\/#breadcrumb\"},\"inLanguage\":\"en-US\",\"potentialAction\":[{\"@type\":\"ReadAction\",\"target\":[\"https:\\\/\\\/aiglebleu.net\\\/en\\\/music\\\/serenity\\\/\"]}]},{\"@type\":\"ImageObject\",\"inLanguage\":\"en-US\",\"@id\":\"https:\\\/\\\/aiglebleu.net\\\/en\\\/music\\\/serenity\\\/#primaryimage\",\"url\":\"https:\\\/\\\/aiglebleu.net\\\/wp-content\\\/uploads\\\/2018\\\/03\\\/S\u00e9r\u00e9nit\u00e9.jpg\",\"contentUrl\":\"https:\\\/\\\/aiglebleu.net\\\/wp-content\\\/uploads\\\/2018\\\/03\\\/S\u00e9r\u00e9nit\u00e9.jpg\",\"width\":1562,\"height\":1400,\"caption\":\"S\u00e9r\u00e9nit\u00e9\"},{\"@type\":\"BreadcrumbList\",\"@id\":\"https:\\\/\\\/aiglebleu.net\\\/en\\\/music\\\/serenity\\\/#breadcrumb\",\"itemListElement\":[{\"@type\":\"ListItem\",\"position\":1,\"name\":\"Accueil\",\"item\":\"https:\\\/\\\/aiglebleu.net\\\/en\\\/\"},{\"@type\":\"ListItem\",\"position\":2,\"name\":\"My Music\",\"item\":\"https:\\\/\\\/aiglebleu.net\\\/en\\\/music\\\/\"},{\"@type\":\"ListItem\",\"position\":3,\"name\":\"CD_Serenity\"}]},{\"@type\":\"WebSite\",\"@id\":\"https:\\\/\\\/aiglebleu.net\\\/#website\",\"url\":\"https:\\\/\\\/aiglebleu.net\\\/\",\"name\":\"Le blog d'Aigle Bleu\",\"description\":\"PERFUME, MUSIC AND BOOKS FOR AN ENLIGHTENED AND HEALTHY HUMANITY\",\"publisher\":{\"@id\":\"https:\\\/\\\/aiglebleu.net\\\/#organization\"},\"potentialAction\":[{\"@type\":\"SearchAction\",\"target\":{\"@type\":\"EntryPoint\",\"urlTemplate\":\"https:\\\/\\\/aiglebleu.net\\\/?s={search_term_string}\"},\"query-input\":{\"@type\":\"PropertyValueSpecification\",\"valueRequired\":true,\"valueName\":\"search_term_string\"}}],\"inLanguage\":\"en-US\"},{\"@type\":\"Organization\",\"@id\":\"https:\\\/\\\/aiglebleu.net\\\/#organization\",\"name\":\"Aigle Bleu\",\"alternateName\":\"Luc Bourgeault\",\"url\":\"https:\\\/\\\/aiglebleu.net\\\/\",\"logo\":{\"@type\":\"ImageObject\",\"inLanguage\":\"en-US\",\"@id\":\"https:\\\/\\\/aiglebleu.net\\\/#\\\/schema\\\/logo\\\/image\\\/\",\"url\":\"https:\\\/\\\/aiglebleu.net\\\/wp-content\\\/uploads\\\/2017\\\/05\\\/aiglebleu_logoseul.jpg\",\"contentUrl\":\"https:\\\/\\\/aiglebleu.net\\\/wp-content\\\/uploads\\\/2017\\\/05\\\/aiglebleu_logoseul.jpg\",\"width\":150,\"height\":150,\"caption\":\"Aigle Bleu\"},\"image\":{\"@id\":\"https:\\\/\\\/aiglebleu.net\\\/#\\\/schema\\\/logo\\\/image\\\/\"},\"sameAs\":[\"https:\\\/\\\/www.facebook.com\\\/AigleBleu2\\\/?ref=hl\",\"https:\\\/\\\/www.youtube.com\\\/channel\\\/UCm-SU3THfyV8asG5_LS-kcA\"]}]}<\/script>\n<!-- \/ Yoast SEO plugin. -->","yoast_head_json":{"title":"CD_Serenity - Blue Eagle&#039;s blog","robots":{"index":"index","follow":"follow","max-snippet":"max-snippet:-1","max-image-preview":"max-image-preview:large","max-video-preview":"max-video-preview:-1"},"canonical":"https:\/\/aiglebleu.net\/en\/music\/serenity\/","og_locale":"en_US","og_type":"article","og_title":"CD_Serenity - Blue Eagle&#039;s blog","og_description":"S\u00e9r\u00e9nit\u00e9 \/ Serenity by Aigle Bleu \/ Blue Eagle Released in 2008 Acheter l&#8217;album sur Bandcamp Acheter Get the CD version on Blue Eagle Shop PURCHASE","og_url":"https:\/\/aiglebleu.net\/en\/music\/serenity\/","og_site_name":"Blue Eagle&#039;s blog","article_publisher":"https:\/\/www.facebook.com\/AigleBleu2\/?ref=hl","article_modified_time":"2023-09-12T00:35:08+00:00","og_image":[{"width":1562,"height":1400,"url":"https:\/\/aiglebleu.net\/wp-content\/uploads\/2018\/03\/S\u00e9r\u00e9nit\u00e9.jpg","type":"image\/jpeg"}],"twitter_card":"summary_large_image","schema":{"@context":"https:\/\/schema.org","@graph":[{"@type":"WebPage","@id":"https:\/\/aiglebleu.net\/en\/music\/serenity\/","url":"https:\/\/aiglebleu.net\/en\/music\/serenity\/","name":"CD_Serenity - Blue Eagle&#039;s blog","isPartOf":{"@id":"https:\/\/aiglebleu.net\/#website"},"primaryImageOfPage":{"@id":"https:\/\/aiglebleu.net\/en\/music\/serenity\/#primaryimage"},"image":{"@id":"https:\/\/aiglebleu.net\/en\/music\/serenity\/#primaryimage"},"thumbnailUrl":"https:\/\/aiglebleu.net\/wp-content\/uploads\/2018\/03\/S\u00e9r\u00e9nit\u00e9.jpg","datePublished":"2018-03-29T02:45:42+00:00","dateModified":"2023-09-12T00:35:08+00:00","breadcrumb":{"@id":"https:\/\/aiglebleu.net\/en\/music\/serenity\/#breadcrumb"},"inLanguage":"en-US","potentialAction":[{"@type":"ReadAction","target":["https:\/\/aiglebleu.net\/en\/music\/serenity\/"]}]},{"@type":"ImageObject","inLanguage":"en-US","@id":"https:\/\/aiglebleu.net\/en\/music\/serenity\/#primaryimage","url":"https:\/\/aiglebleu.net\/wp-content\/uploads\/2018\/03\/S\u00e9r\u00e9nit\u00e9.jpg","contentUrl":"https:\/\/aiglebleu.net\/wp-content\/uploads\/2018\/03\/S\u00e9r\u00e9nit\u00e9.jpg","width":1562,"height":1400,"caption":"S\u00e9r\u00e9nit\u00e9"},{"@type":"BreadcrumbList","@id":"https:\/\/aiglebleu.net\/en\/music\/serenity\/#breadcrumb","itemListElement":[{"@type":"ListItem","position":1,"name":"Accueil","item":"https:\/\/aiglebleu.net\/en\/"},{"@type":"ListItem","position":2,"name":"My Music","item":"https:\/\/aiglebleu.net\/en\/music\/"},{"@type":"ListItem","position":3,"name":"CD_Serenity"}]},{"@type":"WebSite","@id":"https:\/\/aiglebleu.net\/#website","url":"https:\/\/aiglebleu.net\/","name":"Le blog d'Aigle Bleu","description":"PERFUME, MUSIC AND BOOKS FOR AN ENLIGHTENED AND HEALTHY HUMANITY","publisher":{"@id":"https:\/\/aiglebleu.net\/#organization"},"potentialAction":[{"@type":"SearchAction","target":{"@type":"EntryPoint","urlTemplate":"https:\/\/aiglebleu.net\/?s={search_term_string}"},"query-input":{"@type":"PropertyValueSpecification","valueRequired":true,"valueName":"search_term_string"}}],"inLanguage":"en-US"},{"@type":"Organization","@id":"https:\/\/aiglebleu.net\/#organization","name":"Aigle Bleu","alternateName":"Luc Bourgeault","url":"https:\/\/aiglebleu.net\/","logo":{"@type":"ImageObject","inLanguage":"en-US","@id":"https:\/\/aiglebleu.net\/#\/schema\/logo\/image\/","url":"https:\/\/aiglebleu.net\/wp-content\/uploads\/2017\/05\/aiglebleu_logoseul.jpg","contentUrl":"https:\/\/aiglebleu.net\/wp-content\/uploads\/2017\/05\/aiglebleu_logoseul.jpg","width":150,"height":150,"caption":"Aigle Bleu"},"image":{"@id":"https:\/\/aiglebleu.net\/#\/schema\/logo\/image\/"},"sameAs":["https:\/\/www.facebook.com\/AigleBleu2\/?ref=hl","https:\/\/www.youtube.com\/channel\/UCm-SU3THfyV8asG5_LS-kcA"]}]}},"_links":{"self":[{"href":"https:\/\/aiglebleu.net\/en\/wp-json\/wp\/v2\/pages\/9318","targetHints":{"allow":["GET"]}}],"collection":[{"href":"https:\/\/aiglebleu.net\/en\/wp-json\/wp\/v2\/pages"}],"about":[{"href":"https:\/\/aiglebleu.net\/en\/wp-json\/wp\/v2\/types\/page"}],"author":[{"embeddable":true,"href":"https:\/\/aiglebleu.net\/en\/wp-json\/wp\/v2\/users\/3"}],"replies":[{"embeddable":true,"href":"https:\/\/aiglebleu.net\/en\/wp-json\/wp\/v2\/comments?post=9318"}],"version-history":[{"count":7,"href":"https:\/\/aiglebleu.net\/en\/wp-json\/wp\/v2\/pages\/9318\/revisions"}],"predecessor-version":[{"id":13658,"href":"https:\/\/aiglebleu.net\/en\/wp-json\/wp\/v2\/pages\/9318\/revisions\/13658"}],"up":[{"embeddable":true,"href":"https:\/\/aiglebleu.net\/en\/wp-json\/wp\/v2\/pages\/9226"}],"wp:featuredmedia":[{"embeddable":true,"href":"https:\/\/aiglebleu.net\/en\/wp-json\/wp\/v2\/media\/9239"}],"wp:attachment":[{"href":"https:\/\/aiglebleu.net\/en\/wp-json\/wp\/v2\/media?parent=9318"}],"curies":[{"name":"wp","href":"https:\/\/api.w.org\/{rel}","templated":true}]}}