{"id":9272,"date":"2018-03-28T22:59:56","date_gmt":"2018-03-29T02:59:56","guid":{"rendered":"https:\/\/aiglebleu.net\/?page_id=9272"},"modified":"2023-09-11T20:26:19","modified_gmt":"2023-09-12T00:26:19","slug":"blue-eagle-on-guitar","status":"publish","type":"page","link":"https:\/\/aiglebleu.net\/en\/music\/blue-eagle-on-guitar\/","title":{"rendered":"CD_Blue Eagle on guitar"},"content":{"rendered":"\t\t<div data-elementor-type=\"wp-post\" data-elementor-id=\"9272\" class=\"elementor elementor-9272 elementor-9244\" data-elementor-post-type=\"page\">\n\t\t\t\t\t\t<section class=\"elementor-section elementor-top-section elementor-element elementor-element-42e88e86 elementor-section-boxed elementor-section-height-default elementor-section-height-default\" data-id=\"42e88e86\" data-element_type=\"section\" data-e-type=\"section\">\n\t\t\t\t\t\t<div class=\"elementor-container elementor-column-gap-default\">\n\t\t\t\t\t<div class=\"elementor-column elementor-col-50 elementor-top-column elementor-element elementor-element-5bdc0103\" data-id=\"5bdc0103\" data-element_type=\"column\" data-e-type=\"column\">\n\t\t\t<div class=\"elementor-widget-wrap elementor-element-populated\">\n\t\t\t\t\t\t<div class=\"elementor-element elementor-element-bde23c3 elementor-widget elementor-widget-html\" data-id=\"bde23c3\" data-element_type=\"widget\" data-e-type=\"widget\" data-widget_type=\"html.default\">\n\t\t\t\t<div class=\"elementor-widget-container\">\n\t\t\t\t\t<iframe style=\"border: 0; width: 100%; height: 472px;\" src=\"https:\/\/bandcamp.com\/EmbeddedPlayer\/album=2819691321\/size=large\/bgcol=ffffff\/linkcol=0687f5\/artwork=none\/transparent=true\/\" seamless><a href=\"http:\/\/aiglebleu.bandcamp.com\/album\/aigle-bleu-sur-la-guitare\">Aigle Bleu sur la guitare by Aigle Bleu \/ Blue Eagle<\/a><\/iframe>\t\t\t\t<\/div>\n\t\t\t\t<\/div>\n\t\t\t\t\t<\/div>\n\t\t<\/div>\n\t\t\t\t<div class=\"elementor-column elementor-col-50 elementor-top-column elementor-element elementor-element-4fa0b1c0\" data-id=\"4fa0b1c0\" data-element_type=\"column\" data-e-type=\"column\">\n\t\t\t<div class=\"elementor-widget-wrap elementor-element-populated\">\n\t\t\t\t\t\t<div class=\"elementor-element elementor-element-4bac7aa9 elementor-widget elementor-widget-image\" data-id=\"4bac7aa9\" data-element_type=\"widget\" data-e-type=\"widget\" data-widget_type=\"image.default\">\n\t\t\t\t<div class=\"elementor-widget-container\">\n\t\t\t\t\t\t\t\t\t\t\t\t\t\t\t<img fetchpriority=\"high\" decoding=\"async\" width=\"1024\" height=\"918\" src=\"https:\/\/aiglebleu.net\/wp-content\/uploads\/2018\/03\/Aigle-Bleu-sur-la-guitare-1024x918.jpg\" class=\"attachment-large size-large wp-image-9231\" alt=\"Aigle bleu sur la guitare\" srcset=\"https:\/\/aiglebleu.net\/wp-content\/uploads\/2018\/03\/Aigle-Bleu-sur-la-guitare-1024x918.jpg 1024w, https:\/\/aiglebleu.net\/wp-content\/uploads\/2018\/03\/Aigle-Bleu-sur-la-guitare-300x269.jpg 300w, https:\/\/aiglebleu.net\/wp-content\/uploads\/2018\/03\/Aigle-Bleu-sur-la-guitare-768x688.jpg 768w, https:\/\/aiglebleu.net\/wp-content\/uploads\/2018\/03\/Aigle-Bleu-sur-la-guitare.jpg 1562w\" sizes=\"(max-width: 1024px) 100vw, 1024px\" \/>\t\t\t\t\t\t\t\t\t\t\t\t\t\t\t<\/div>\n\t\t\t\t<\/div>\n\t\t\t\t<div class=\"elementor-element elementor-element-3ac8ca65 elementor-widget elementor-widget-text-editor\" data-id=\"3ac8ca65\" data-element_type=\"widget\" data-e-type=\"widget\" data-widget_type=\"text-editor.default\">\n\t\t\t\t<div class=\"elementor-widget-container\">\n\t\t\t\t\t\t\t\t\t<p>Cette musique a \u00e9t\u00e9 cr\u00e9\u00e9e pour favoriser la D\u00c9TENTE PROFONDE. La guitare classique est jou\u00e9 par Aigle Bleu selon les principes de la musicoth\u00e9rapie am\u00e9rindienne.<\/p>\t\t\t\t\t\t\t\t<\/div>\n\t\t\t\t<\/div>\n\t\t\t\t\t<\/div>\n\t\t<\/div>\n\t\t\t\t\t<\/div>\n\t\t<\/section>\n\t\t\t\t<section class=\"elementor-section elementor-top-section elementor-element elementor-element-56ef1fbf elementor-section-boxed elementor-section-height-default elementor-section-height-default\" data-id=\"56ef1fbf\" data-element_type=\"section\" data-e-type=\"section\" data-settings=\"{&quot;background_background&quot;:&quot;classic&quot;}\">\n\t\t\t\t\t\t<div class=\"elementor-container elementor-column-gap-default\">\n\t\t\t\t\t<div class=\"elementor-column elementor-col-50 elementor-top-column elementor-element elementor-element-37324bd1\" data-id=\"37324bd1\" data-element_type=\"column\" data-e-type=\"column\">\n\t\t\t<div class=\"elementor-widget-wrap elementor-element-populated\">\n\t\t\t\t\t\t<div class=\"elementor-element elementor-element-4ff4a923 elementor-widget elementor-widget-heading\" data-id=\"4ff4a923\" data-element_type=\"widget\" data-e-type=\"widget\" data-widget_type=\"heading.default\">\n\t\t\t\t<div class=\"elementor-widget-container\">\n\t\t\t\t\t<h2 class=\"elementor-heading-title elementor-size-default\">Buy songs or album on Bandcamp<\/h2>\t\t\t\t<\/div>\n\t\t\t\t<\/div>\n\t\t\t\t\t<\/div>\n\t\t<\/div>\n\t\t\t\t<div class=\"elementor-column elementor-col-50 elementor-top-column elementor-element elementor-element-58ef2e9\" data-id=\"58ef2e9\" data-element_type=\"column\" data-e-type=\"column\">\n\t\t\t<div class=\"elementor-widget-wrap elementor-element-populated\">\n\t\t\t\t\t\t<div class=\"elementor-element elementor-element-46c56ea7 elementor-button-danger elementor-align-center elementor-widget elementor-widget-button\" data-id=\"46c56ea7\" data-element_type=\"widget\" data-e-type=\"widget\" data-widget_type=\"button.default\">\n\t\t\t\t<div class=\"elementor-widget-container\">\n\t\t\t\t\t\t\t\t\t<div class=\"elementor-button-wrapper\">\n\t\t\t\t\t<a class=\"elementor-button elementor-button-link elementor-size-sm\" href=\"https:\/\/aiglebleu.bandcamp.com\/album\/aigle-bleu-sur-la-guitare\" target=\"_blank\">\n\t\t\t\t\t\t<span class=\"elementor-button-content-wrapper\">\n\t\t\t\t\t\t\t\t\t<span class=\"elementor-button-text\">PURCHASE<\/span>\n\t\t\t\t\t<\/span>\n\t\t\t\t\t<\/a>\n\t\t\t\t<\/div>\n\t\t\t\t\t\t\t\t<\/div>\n\t\t\t\t<\/div>\n\t\t\t\t\t<\/div>\n\t\t<\/div>\n\t\t\t\t\t<\/div>\n\t\t<\/section>\n\t\t\t\t<section class=\"elementor-section elementor-top-section elementor-element elementor-element-5dca59d elementor-section-boxed elementor-section-height-default elementor-section-height-default\" data-id=\"5dca59d\" data-element_type=\"section\" data-e-type=\"section\" data-settings=\"{&quot;background_background&quot;:&quot;classic&quot;}\">\n\t\t\t\t\t\t<div class=\"elementor-container elementor-column-gap-default\">\n\t\t\t\t\t<div class=\"elementor-column elementor-col-50 elementor-top-column elementor-element elementor-element-54202fe\" data-id=\"54202fe\" data-element_type=\"column\" data-e-type=\"column\">\n\t\t\t<div class=\"elementor-widget-wrap elementor-element-populated\">\n\t\t\t\t\t\t<div class=\"elementor-element elementor-element-3e4d138 elementor-widget elementor-widget-heading\" data-id=\"3e4d138\" data-element_type=\"widget\" data-e-type=\"widget\" data-widget_type=\"heading.default\">\n\t\t\t\t<div class=\"elementor-widget-container\">\n\t\t\t\t\t<h2 class=\"elementor-heading-title elementor-size-default\">Get the CD version on Blue Eagle Shop<\/h2>\t\t\t\t<\/div>\n\t\t\t\t<\/div>\n\t\t\t\t\t<\/div>\n\t\t<\/div>\n\t\t\t\t<div class=\"elementor-column elementor-col-50 elementor-top-column elementor-element elementor-element-33cfd67\" data-id=\"33cfd67\" data-element_type=\"column\" data-e-type=\"column\">\n\t\t\t<div class=\"elementor-widget-wrap elementor-element-populated\">\n\t\t\t\t\t\t<div class=\"elementor-element elementor-element-e03cb9e elementor-button-danger elementor-align-center elementor-widget elementor-widget-button\" data-id=\"e03cb9e\" data-element_type=\"widget\" data-e-type=\"widget\" data-widget_type=\"button.default\">\n\t\t\t\t<div class=\"elementor-widget-container\">\n\t\t\t\t\t\t\t\t\t<div class=\"elementor-button-wrapper\">\n\t\t\t\t\t<a class=\"elementor-button elementor-button-link elementor-size-sm\" href=\"https:\/\/boutiqueaiglebleu.com\" target=\"_blank\">\n\t\t\t\t\t\t<span class=\"elementor-button-content-wrapper\">\n\t\t\t\t\t\t\t\t\t<span class=\"elementor-button-text\">PURCHASE<\/span>\n\t\t\t\t\t<\/span>\n\t\t\t\t\t<\/a>\n\t\t\t\t<\/div>\n\t\t\t\t\t\t\t\t<\/div>\n\t\t\t\t<\/div>\n\t\t\t\t\t<\/div>\n\t\t<\/div>\n\t\t\t\t\t<\/div>\n\t\t<\/section>\n\t\t\t\t<\/div>\n\t\t","protected":false},"excerpt":{"rendered":"<p>Aigle Bleu sur la guitare by Aigle Bleu \/ Blue Eagle Cette musique a \u00e9t\u00e9 cr\u00e9\u00e9e pour favoriser la D\u00c9TENTE PROFONDE. La guitare classique est jou\u00e9 par Aigle Bleu selon les principes de la musicoth\u00e9rapie &#8230; <a title=\"CD_Blue Eagle on guitar\" class=\"read-more\" href=\"https:\/\/aiglebleu.net\/en\/music\/blue-eagle-on-guitar\/\" aria-label=\"Read more about CD_Blue Eagle on guitar\">Read more<\/a><\/p>\n","protected":false},"author":3,"featured_media":9231,"parent":9226,"menu_order":0,"comment_status":"closed","ping_status":"closed","template":"","meta":{"generate_page_header":"","footnotes":""},"class_list":{"0":"post-9272","1":"page","2":"type-page","3":"status-publish","4":"has-post-thumbnail","6":"infinite-scroll-item"},"yoast_head":"<!-- This site is optimized with the Yoast SEO plugin v27.4 - https:\/\/yoast.com\/product\/yoast-seo-wordpress\/ -->\n<title>CD_Blue Eagle on guitar - Blue Eagle&#039;s blog<\/title>\n<meta name=\"robots\" content=\"index, follow, max-snippet:-1, max-image-preview:large, max-video-preview:-1\" \/>\n<link rel=\"canonical\" href=\"https:\/\/aiglebleu.net\/en\/music\/blue-eagle-on-guitar\/\" \/>\n<meta property=\"og:locale\" content=\"en_US\" \/>\n<meta property=\"og:type\" content=\"article\" \/>\n<meta property=\"og:title\" content=\"CD_Blue Eagle on guitar - Blue Eagle&#039;s blog\" \/>\n<meta property=\"og:description\" content=\"Aigle Bleu sur la guitare by Aigle Bleu \/ Blue Eagle Cette musique a \u00e9t\u00e9 cr\u00e9\u00e9e pour favoriser la D\u00c9TENTE PROFONDE. La guitare classique est jou\u00e9 par Aigle Bleu selon les principes de la musicoth\u00e9rapie ... Read more\" \/>\n<meta property=\"og:url\" content=\"https:\/\/aiglebleu.net\/en\/music\/blue-eagle-on-guitar\/\" \/>\n<meta property=\"og:site_name\" content=\"Blue Eagle&#039;s blog\" \/>\n<meta property=\"article:publisher\" content=\"https:\/\/www.facebook.com\/AigleBleu2\/?ref=hl\" \/>\n<meta property=\"article:modified_time\" content=\"2023-09-12T00:26:19+00:00\" \/>\n<meta property=\"og:image\" content=\"https:\/\/aiglebleu.net\/wp-content\/uploads\/2018\/03\/Aigle-Bleu-sur-la-guitare.jpg\" \/>\n\t<meta property=\"og:image:width\" content=\"1562\" \/>\n\t<meta property=\"og:image:height\" content=\"1400\" \/>\n\t<meta property=\"og:image:type\" content=\"image\/jpeg\" \/>\n<meta name=\"twitter:card\" content=\"summary_large_image\" \/>\n<script type=\"application\/ld+json\" class=\"yoast-schema-graph\">{\"@context\":\"https:\\\/\\\/schema.org\",\"@graph\":[{\"@type\":\"WebPage\",\"@id\":\"https:\\\/\\\/aiglebleu.net\\\/en\\\/music\\\/blue-eagle-on-guitar\\\/\",\"url\":\"https:\\\/\\\/aiglebleu.net\\\/en\\\/music\\\/blue-eagle-on-guitar\\\/\",\"name\":\"CD_Blue Eagle on guitar - Blue Eagle&#039;s blog\",\"isPartOf\":{\"@id\":\"https:\\\/\\\/aiglebleu.net\\\/#website\"},\"primaryImageOfPage\":{\"@id\":\"https:\\\/\\\/aiglebleu.net\\\/en\\\/music\\\/blue-eagle-on-guitar\\\/#primaryimage\"},\"image\":{\"@id\":\"https:\\\/\\\/aiglebleu.net\\\/en\\\/music\\\/blue-eagle-on-guitar\\\/#primaryimage\"},\"thumbnailUrl\":\"https:\\\/\\\/aiglebleu.net\\\/wp-content\\\/uploads\\\/2018\\\/03\\\/Aigle-Bleu-sur-la-guitare.jpg\",\"datePublished\":\"2018-03-29T02:59:56+00:00\",\"dateModified\":\"2023-09-12T00:26:19+00:00\",\"breadcrumb\":{\"@id\":\"https:\\\/\\\/aiglebleu.net\\\/en\\\/music\\\/blue-eagle-on-guitar\\\/#breadcrumb\"},\"inLanguage\":\"en-US\",\"potentialAction\":[{\"@type\":\"ReadAction\",\"target\":[\"https:\\\/\\\/aiglebleu.net\\\/en\\\/music\\\/blue-eagle-on-guitar\\\/\"]}]},{\"@type\":\"ImageObject\",\"inLanguage\":\"en-US\",\"@id\":\"https:\\\/\\\/aiglebleu.net\\\/en\\\/music\\\/blue-eagle-on-guitar\\\/#primaryimage\",\"url\":\"https:\\\/\\\/aiglebleu.net\\\/wp-content\\\/uploads\\\/2018\\\/03\\\/Aigle-Bleu-sur-la-guitare.jpg\",\"contentUrl\":\"https:\\\/\\\/aiglebleu.net\\\/wp-content\\\/uploads\\\/2018\\\/03\\\/Aigle-Bleu-sur-la-guitare.jpg\",\"width\":1562,\"height\":1400,\"caption\":\"Aigle bleu sur la guitare\"},{\"@type\":\"BreadcrumbList\",\"@id\":\"https:\\\/\\\/aiglebleu.net\\\/en\\\/music\\\/blue-eagle-on-guitar\\\/#breadcrumb\",\"itemListElement\":[{\"@type\":\"ListItem\",\"position\":1,\"name\":\"Accueil\",\"item\":\"https:\\\/\\\/aiglebleu.net\\\/en\\\/\"},{\"@type\":\"ListItem\",\"position\":2,\"name\":\"My Music\",\"item\":\"https:\\\/\\\/aiglebleu.net\\\/en\\\/music\\\/\"},{\"@type\":\"ListItem\",\"position\":3,\"name\":\"CD_Blue Eagle on guitar\"}]},{\"@type\":\"WebSite\",\"@id\":\"https:\\\/\\\/aiglebleu.net\\\/#website\",\"url\":\"https:\\\/\\\/aiglebleu.net\\\/\",\"name\":\"Le blog d'Aigle Bleu\",\"description\":\"PERFUME, MUSIC AND BOOKS FOR AN ENLIGHTENED AND HEALTHY HUMANITY\",\"publisher\":{\"@id\":\"https:\\\/\\\/aiglebleu.net\\\/#organization\"},\"potentialAction\":[{\"@type\":\"SearchAction\",\"target\":{\"@type\":\"EntryPoint\",\"urlTemplate\":\"https:\\\/\\\/aiglebleu.net\\\/?s={search_term_string}\"},\"query-input\":{\"@type\":\"PropertyValueSpecification\",\"valueRequired\":true,\"valueName\":\"search_term_string\"}}],\"inLanguage\":\"en-US\"},{\"@type\":\"Organization\",\"@id\":\"https:\\\/\\\/aiglebleu.net\\\/#organization\",\"name\":\"Aigle Bleu\",\"alternateName\":\"Luc Bourgeault\",\"url\":\"https:\\\/\\\/aiglebleu.net\\\/\",\"logo\":{\"@type\":\"ImageObject\",\"inLanguage\":\"en-US\",\"@id\":\"https:\\\/\\\/aiglebleu.net\\\/#\\\/schema\\\/logo\\\/image\\\/\",\"url\":\"https:\\\/\\\/aiglebleu.net\\\/wp-content\\\/uploads\\\/2017\\\/05\\\/aiglebleu_logoseul.jpg\",\"contentUrl\":\"https:\\\/\\\/aiglebleu.net\\\/wp-content\\\/uploads\\\/2017\\\/05\\\/aiglebleu_logoseul.jpg\",\"width\":150,\"height\":150,\"caption\":\"Aigle Bleu\"},\"image\":{\"@id\":\"https:\\\/\\\/aiglebleu.net\\\/#\\\/schema\\\/logo\\\/image\\\/\"},\"sameAs\":[\"https:\\\/\\\/www.facebook.com\\\/AigleBleu2\\\/?ref=hl\",\"https:\\\/\\\/www.youtube.com\\\/channel\\\/UCm-SU3THfyV8asG5_LS-kcA\"]}]}<\/script>\n<!-- \/ Yoast SEO plugin. -->","yoast_head_json":{"title":"CD_Blue Eagle on guitar - Blue Eagle&#039;s blog","robots":{"index":"index","follow":"follow","max-snippet":"max-snippet:-1","max-image-preview":"max-image-preview:large","max-video-preview":"max-video-preview:-1"},"canonical":"https:\/\/aiglebleu.net\/en\/music\/blue-eagle-on-guitar\/","og_locale":"en_US","og_type":"article","og_title":"CD_Blue Eagle on guitar - Blue Eagle&#039;s blog","og_description":"Aigle Bleu sur la guitare by Aigle Bleu \/ Blue Eagle Cette musique a \u00e9t\u00e9 cr\u00e9\u00e9e pour favoriser la D\u00c9TENTE PROFONDE. La guitare classique est jou\u00e9 par Aigle Bleu selon les principes de la musicoth\u00e9rapie ... Read more","og_url":"https:\/\/aiglebleu.net\/en\/music\/blue-eagle-on-guitar\/","og_site_name":"Blue Eagle&#039;s blog","article_publisher":"https:\/\/www.facebook.com\/AigleBleu2\/?ref=hl","article_modified_time":"2023-09-12T00:26:19+00:00","og_image":[{"width":1562,"height":1400,"url":"https:\/\/aiglebleu.net\/wp-content\/uploads\/2018\/03\/Aigle-Bleu-sur-la-guitare.jpg","type":"image\/jpeg"}],"twitter_card":"summary_large_image","schema":{"@context":"https:\/\/schema.org","@graph":[{"@type":"WebPage","@id":"https:\/\/aiglebleu.net\/en\/music\/blue-eagle-on-guitar\/","url":"https:\/\/aiglebleu.net\/en\/music\/blue-eagle-on-guitar\/","name":"CD_Blue Eagle on guitar - Blue Eagle&#039;s blog","isPartOf":{"@id":"https:\/\/aiglebleu.net\/#website"},"primaryImageOfPage":{"@id":"https:\/\/aiglebleu.net\/en\/music\/blue-eagle-on-guitar\/#primaryimage"},"image":{"@id":"https:\/\/aiglebleu.net\/en\/music\/blue-eagle-on-guitar\/#primaryimage"},"thumbnailUrl":"https:\/\/aiglebleu.net\/wp-content\/uploads\/2018\/03\/Aigle-Bleu-sur-la-guitare.jpg","datePublished":"2018-03-29T02:59:56+00:00","dateModified":"2023-09-12T00:26:19+00:00","breadcrumb":{"@id":"https:\/\/aiglebleu.net\/en\/music\/blue-eagle-on-guitar\/#breadcrumb"},"inLanguage":"en-US","potentialAction":[{"@type":"ReadAction","target":["https:\/\/aiglebleu.net\/en\/music\/blue-eagle-on-guitar\/"]}]},{"@type":"ImageObject","inLanguage":"en-US","@id":"https:\/\/aiglebleu.net\/en\/music\/blue-eagle-on-guitar\/#primaryimage","url":"https:\/\/aiglebleu.net\/wp-content\/uploads\/2018\/03\/Aigle-Bleu-sur-la-guitare.jpg","contentUrl":"https:\/\/aiglebleu.net\/wp-content\/uploads\/2018\/03\/Aigle-Bleu-sur-la-guitare.jpg","width":1562,"height":1400,"caption":"Aigle bleu sur la guitare"},{"@type":"BreadcrumbList","@id":"https:\/\/aiglebleu.net\/en\/music\/blue-eagle-on-guitar\/#breadcrumb","itemListElement":[{"@type":"ListItem","position":1,"name":"Accueil","item":"https:\/\/aiglebleu.net\/en\/"},{"@type":"ListItem","position":2,"name":"My Music","item":"https:\/\/aiglebleu.net\/en\/music\/"},{"@type":"ListItem","position":3,"name":"CD_Blue Eagle on guitar"}]},{"@type":"WebSite","@id":"https:\/\/aiglebleu.net\/#website","url":"https:\/\/aiglebleu.net\/","name":"Le blog d'Aigle Bleu","description":"PERFUME, MUSIC AND BOOKS FOR AN ENLIGHTENED AND HEALTHY HUMANITY","publisher":{"@id":"https:\/\/aiglebleu.net\/#organization"},"potentialAction":[{"@type":"SearchAction","target":{"@type":"EntryPoint","urlTemplate":"https:\/\/aiglebleu.net\/?s={search_term_string}"},"query-input":{"@type":"PropertyValueSpecification","valueRequired":true,"valueName":"search_term_string"}}],"inLanguage":"en-US"},{"@type":"Organization","@id":"https:\/\/aiglebleu.net\/#organization","name":"Aigle Bleu","alternateName":"Luc Bourgeault","url":"https:\/\/aiglebleu.net\/","logo":{"@type":"ImageObject","inLanguage":"en-US","@id":"https:\/\/aiglebleu.net\/#\/schema\/logo\/image\/","url":"https:\/\/aiglebleu.net\/wp-content\/uploads\/2017\/05\/aiglebleu_logoseul.jpg","contentUrl":"https:\/\/aiglebleu.net\/wp-content\/uploads\/2017\/05\/aiglebleu_logoseul.jpg","width":150,"height":150,"caption":"Aigle Bleu"},"image":{"@id":"https:\/\/aiglebleu.net\/#\/schema\/logo\/image\/"},"sameAs":["https:\/\/www.facebook.com\/AigleBleu2\/?ref=hl","https:\/\/www.youtube.com\/channel\/UCm-SU3THfyV8asG5_LS-kcA"]}]}},"_links":{"self":[{"href":"https:\/\/aiglebleu.net\/en\/wp-json\/wp\/v2\/pages\/9272","targetHints":{"allow":["GET"]}}],"collection":[{"href":"https:\/\/aiglebleu.net\/en\/wp-json\/wp\/v2\/pages"}],"about":[{"href":"https:\/\/aiglebleu.net\/en\/wp-json\/wp\/v2\/types\/page"}],"author":[{"embeddable":true,"href":"https:\/\/aiglebleu.net\/en\/wp-json\/wp\/v2\/users\/3"}],"replies":[{"embeddable":true,"href":"https:\/\/aiglebleu.net\/en\/wp-json\/wp\/v2\/comments?post=9272"}],"version-history":[{"count":8,"href":"https:\/\/aiglebleu.net\/en\/wp-json\/wp\/v2\/pages\/9272\/revisions"}],"predecessor-version":[{"id":13641,"href":"https:\/\/aiglebleu.net\/en\/wp-json\/wp\/v2\/pages\/9272\/revisions\/13641"}],"up":[{"embeddable":true,"href":"https:\/\/aiglebleu.net\/en\/wp-json\/wp\/v2\/pages\/9226"}],"wp:featuredmedia":[{"embeddable":true,"href":"https:\/\/aiglebleu.net\/en\/wp-json\/wp\/v2\/media\/9231"}],"wp:attachment":[{"href":"https:\/\/aiglebleu.net\/en\/wp-json\/wp\/v2\/media?parent=9272"}],"curies":[{"name":"wp","href":"https:\/\/api.w.org\/{rel}","templated":true}]}}